{"id":750,"date":"2019-12-25T22:16:02","date_gmt":"2019-12-25T22:16:02","guid":{"rendered":"https:\/\/dev.culturalgijonesa.org\/conoznos\/"},"modified":"2020-01-09T09:17:08","modified_gmt":"2020-01-09T09:17:08","slug":"conoznos","status":"publish","type":"page","link":"https:\/\/www.culturalgijonesa.org\/ast\/conoznos\/","title":{"rendered":"Conoznos"},"content":{"rendered":"<p>[et_pb_section fb_built=&#8221;1&#8243; admin_label=&#8221;section&#8221; _builder_version=&#8221;3.22&#8243; custom_padding=&#8221;30px||0px|||&#8221; fb_built=&#8221;1&#8243; _i=&#8221;0&#8243; _address=&#8221;0&#8243;][et_pb_row _builder_version=&#8221;3.27.4&#8243; _i=&#8221;0&#8243; _address=&#8221;0.0&#8243;][et_pb_column type=&#8221;4_4&#8243; _builder_version=&#8221;3.27.4&#8243; _i=&#8221;0&#8243; _address=&#8221;0.0.0&#8243;][et_pb_text _builder_version=&#8221;3.27.4&#8243; header_font=&#8221;|800|||||||&#8221; header_text_align=&#8221;center&#8221; border_width_all=&#8221;8px&#8221; border_color_right=&#8221;#841515&#8243; border_color_bottom=&#8221;#841515&#8243; custom_padding=&#8221;10px|15px||15px|false|false&#8221; _i=&#8221;0&#8243; _address=&#8221;0.0.0.0&#8243;]<\/p>\n<h1>Presentaci\u00f3n<\/h1>\n<div id=\"gtx-trans\" style=\"position: absolute; left: 102px; top: -0.333332px;\">\n<div class=\"gtx-trans-icon\"><\/div>\n<\/div>\n<p>[\/et_pb_text][\/et_pb_column][\/et_pb_row][\/et_pb_section][et_pb_section fb_built=&#8221;1&#8243; _builder_version=&#8221;3.27.4&#8243; custom_padding=&#8221;0px|||||&#8221; fb_built=&#8221;1&#8243; _i=&#8221;1&#8243; _address=&#8221;1&#8243;][et_pb_row column_structure=&#8221;1_2,1_2&#8243; _builder_version=&#8221;3.27.4&#8243; _i=&#8221;0&#8243; _address=&#8221;1.0&#8243;][et_pb_column type=&#8221;1_2&#8243; _builder_version=&#8221;3.27.4&#8243; _i=&#8221;0&#8243; _address=&#8221;1.0.0&#8243;][et_pb_image src=&#8221;https:\/\/dev.culturalgijonesa.org\/wp-content\/uploads\/2019\/11\/directiva2.jpg&#8221; _builder_version=&#8221;3.27.4&#8243; _i=&#8221;0&#8243; _address=&#8221;1.0.0.0&#8243;][\/et_pb_image][\/et_pb_column][et_pb_column type=&#8221;1_2&#8243; _builder_version=&#8221;3.27.4&#8243; _i=&#8221;1&#8243; _address=&#8221;1.0.1&#8243;][et_pb_text _builder_version=&#8221;3.27.4&#8243; _i=&#8221;0&#8243; _address=&#8221;1.0.1.0&#8243;]<\/p>\n<p>La SCG ye una entid\u00e1 ensin \u00e1nimo d&#8217;arrequecimientu que funciona col trabayu voluntariu de los sos directivos y socios.<\/p>\n<p><span style=\"font-size: 14px;\">Dende 1968 llevamos siendo un referente en Xix\u00f3n pa la cultura cr\u00edtica y popular. La nuestra asociaci\u00f3n ye heredera de la tradici\u00f3n de los ateneos obreros, y como tal, intentamos caltener el so esp\u00edritu a lo llargo d&#8217;esti mediu sieglu d&#8217;esistencia.<\/span><\/p>\n<p><span style=\"font-size: 14px;\">\u00bfA qu\u00e9 nos dedicamos?<\/span><\/p>\n<p><span style=\"font-size: 14px;\">Charres, alderiques, conferencies, ciclos de cine, conciertos o esposiciones, la Cultural emplaga tolos preseos pa esparder la cultura y l&#8217;esp\u00edritu cr\u00edticu en tolos \u00e1mbitos de la ciud\u00e1.\u00a0<\/span><\/p>\n<p>Collaboramos con otres entidaes xixoneses n&#8217;actividades como el \u201cAula Popular Jos\u00e9 Luis Garc\u00eda R\u00faa\u201d, na recuperaci\u00f3n de la Memoria hist\u00f3rica y social n&#8217;actos como los del 14 d&#8217;Abril, o los homenaxes a Rosario Acu\u00f1a y los asturianos que morrieron nos campos de concentraci\u00f3n nazis.\u00a0<\/p>\n<p>Entamamos xornades de an\u00e1l\u00eds social o hist\u00f3ricu como les dedicaes a la Cayida de la Muria en 2009, les xornaes sobre&#8217;l ferrocarril, sobre la infancia o sobre urbanismi al filu de la aprebaci\u00f3n del PXOU.\u00a0<\/p>\n<p>Llevamos collaborando activamente col Festival Internacional de Cine de Xix\u00f3n (FICX) ya dende hai a\u00f1os, como un de los eventos culturales m\u00e1s importantes de la ciud\u00e1 y tami\u00e9n cola Selmana Negra.<\/p>\n<p>Otra de les nuestres actividaes que ya tien continuid\u00e1 ye \u201cOkupa la ciud\u00e1\u201d, con 2 fines de selmana a\u00f1ales de charres -les m\u00e1s de les veces sobre temes art\u00edsticos-, conciertos y recitales de poes\u00eda, en llugares ins\u00f3litos o alternativos, siempre de la mano de la editorial \u201cSuburbia Ediciones\u201d.<\/p>\n<p>Pelos nuestros espacios tuvieron periodistes como Esteban Hern\u00e1ndez, Jes\u00fas Mara\u00f1a, Ana Pardo de Vera, Ant\u00f3n Losada, Enric Juliana, Rafael Poch de Feliu o Nanzanin Armanian; personalidaes venceyaes al pensamientu como C\u00e9sar Rendueles, L\u00f3pez Arnal, Clara Serra; economistas como Yayo Herrero, Bego\u00f1a Cueto, Alberto Montero o Manuel Escuedero; pol\u00edticos como Carolina Besacana, Alberto Garz\u00f3n, Cristina Narbona, Manuela Carmena, Julio Anguita o Pedro de Silva; xuristes como Paz Andr\u00e9s, Javier P\u00e9rez Royo; artistes como Luis Delgado, Antonio Fraguas \u201cForges\u201d o Igor Paskual, etc<\/p>\n<p>&nbsp;<\/p>\n<p>[\/et_pb_text][\/et_pb_column][\/et_pb_row][\/et_pb_section]<\/p>\n","protected":false},"excerpt":{"rendered":"<p>Presentaci\u00f3n La SCG ye una entid\u00e1 ensin \u00e1nimo d&#8217;arrequecimientu que funciona col trabayu voluntariu de los sos directivos y socios. Dende 1968 llevamos siendo un referente en Xix\u00f3n pa la cultura cr\u00edtica y popular. La nuestra asociaci\u00f3n ye heredera de la tradici\u00f3n de los ateneos obreros, y como tal, intentamos caltener el so esp\u00edritu a [&hellip;]<\/p>\n","protected":false},"author":1,"featured_media":776,"parent":0,"menu_order":0,"comment_status":"closed","ping_status":"open","template":"","meta":{"_et_pb_use_builder":"on","_et_pb_old_content":"<!-- wp:paragraph -->\r\n<p>This is an example page. It's different from a blog post because it will stay in one place and will show up in your site navigation (in most themes). Most people start with an About page that introduces them to potential site visitors. It might say something like this:<\/p>\r\n<!-- \/wp:paragraph -->\r\n\r\n<!-- wp:quote -->\r\n<blockquote class=\"wp-block-quote\">\r\n<p>Hi there! I'm a bike messenger by day, aspiring actor by night, and this is my website. I live in Los Angeles, have a great dog named Jack, and I like pi\u00f1a coladas. (And gettin' caught in the rain.)<\/p>\r\n<\/blockquote>\r\n<!-- \/wp:quote -->\r\n\r\n<!-- wp:paragraph -->\r\n<p>...or something like this:<\/p>\r\n<!-- \/wp:paragraph -->\r\n\r\n<!-- wp:quote -->\r\n<blockquote class=\"wp-block-quote\">\r\n<p>The XYZ Doohickey Company was founded in 1971, and has been providing quality doohickeys to the public ever since. Located in Gotham City, XYZ employs over 2,000 people and does all kinds of awesome things for the Gotham community.<\/p>\r\n<\/blockquote>\r\n<!-- \/wp:quote -->\r\n\r\n<!-- wp:paragraph -->\r\n<p>As a new WordPress user, you should go to <a href=\"https:\/\/dev.culturalgijonesa.org\/wp-admin\/\">your dashboard<\/a> to delete this page and create new pages for your content. Have fun!<\/p>\r\n<!-- \/wp:paragraph -->","_et_gb_content_width":"","_vp_format_video_url":"","_vp_image_focal_point":[],"footnotes":""},"class_list":["post-750","page","type-page","status-publish","has-post-thumbnail","hentry"],"aioseo_notices":[],"_links":{"self":[{"href":"https:\/\/www.culturalgijonesa.org\/ast\/wp-json\/wp\/v2\/pages\/750","targetHints":{"allow":["GET"]}}],"collection":[{"href":"https:\/\/www.culturalgijonesa.org\/ast\/wp-json\/wp\/v2\/pages"}],"about":[{"href":"https:\/\/www.culturalgijonesa.org\/ast\/wp-json\/wp\/v2\/types\/page"}],"author":[{"embeddable":true,"href":"https:\/\/www.culturalgijonesa.org\/ast\/wp-json\/wp\/v2\/users\/1"}],"replies":[{"embeddable":true,"href":"https:\/\/www.culturalgijonesa.org\/ast\/wp-json\/wp\/v2\/comments?post=750"}],"version-history":[{"count":4,"href":"https:\/\/www.culturalgijonesa.org\/ast\/wp-json\/wp\/v2\/pages\/750\/revisions"}],"predecessor-version":[{"id":976,"href":"https:\/\/www.culturalgijonesa.org\/ast\/wp-json\/wp\/v2\/pages\/750\/revisions\/976"}],"wp:featuredmedia":[{"embeddable":true,"href":"https:\/\/www.culturalgijonesa.org\/ast\/wp-json\/wp\/v2\/media\/776"}],"wp:attachment":[{"href":"https:\/\/www.culturalgijonesa.org\/ast\/wp-json\/wp\/v2\/media?parent=750"}],"curies":[{"name":"wp","href":"https:\/\/api.w.org\/{rel}","templated":true}]}}